{"id":191,"date":"2024-11-11T14:46:14","date_gmt":"2024-11-11T13:46:14","guid":{"rendered":"https:\/\/kursaalmelilla.com\/?page_id=191"},"modified":"2025-03-24T09:28:19","modified_gmt":"2025-03-24T08:28:19","slug":"menu-del-dia","status":"publish","type":"page","link":"https:\/\/kursaalmelilla.com\/index.php\/menu-del-dia\/","title":{"rendered":"men\u00fa del d\u00eda"},"content":{"rendered":"<p>[et_pb_section fb_built=\u00bb1&#8243; _builder_version=\u00bb4.27.3&#8243; _module_preset=\u00bbdefault\u00bb global_colors_info=\u00bb{}\u00bb][et_pb_row _builder_version=\u00bb4.27.3&#8243; _module_preset=\u00bbdefault\u00bb global_colors_info=\u00bb{}\u00bb][et_pb_column type=\u00bb4_4&#8243; _builder_version=\u00bb4.27.3&#8243; _module_preset=\u00bbdefault\u00bb global_colors_info=\u00bb{}\u00bb][et_pb_heading title=\u00bbDe Lunes 24 a Jueves 28 de Marzo\u00bb _builder_version=\u00bb4.27.4&#8243; _module_preset=\u00bbdefault\u00bb hover_enabled=\u00bb0&#8243; sticky_enabled=\u00bb0&#8243;][\/et_pb_heading][et_pb_image src=\u00bbhttps:\/\/kursaalmelilla.com\/wp-content\/uploads\/2025\/03\/Menu-del-Dia-3.png\u00bb title_text=\u00bbMenu\u0301 del Di\u0301a 3&#8243; _builder_version=\u00bb4.27.4&#8243; _module_preset=\u00bbdefault\u00bb hover_enabled=\u00bb0&#8243; global_colors_info=\u00bb{}\u00bb sticky_enabled=\u00bb0&#8243;][\/et_pb_image][\/et_pb_column][\/et_pb_row][\/et_pb_section]<\/p>\n","protected":false},"excerpt":{"rendered":"","protected":false},"author":1,"featured_media":0,"parent":0,"menu_order":0,"comment_status":"closed","ping_status":"closed","template":"","meta":{"_et_pb_use_builder":"on","_et_pb_old_content":"","_et_gb_content_width":"","footnotes":""},"class_list":["post-191","page","type-page","status-publish","hentry"],"yoast_head":"<!-- This site is optimized with the Yoast SEO plugin v27.2 - https:\/\/yoast.com\/product\/yoast-seo-wordpress\/ -->\n<title>men\u00fa del d\u00eda - Kursaal Lounge Caf\u00e9-Bar<\/title>\n<meta name=\"robots\" content=\"index, follow, max-snippet:-1, max-image-preview:large, max-video-preview:-1\" \/>\n<link rel=\"canonical\" href=\"https:\/\/kursaalmelilla.com\/index.php\/menu-del-dia\/\" \/>\n<meta property=\"og:locale\" content=\"es_ES\" \/>\n<meta property=\"og:type\" content=\"article\" \/>\n<meta property=\"og:title\" content=\"men\u00fa del d\u00eda - Kursaal Lounge Caf\u00e9-Bar\" \/>\n<meta property=\"og:url\" content=\"https:\/\/kursaalmelilla.com\/index.php\/menu-del-dia\/\" \/>\n<meta property=\"og:site_name\" content=\"Kursaal Lounge Caf\u00e9-Bar\" \/>\n<meta property=\"article:publisher\" content=\"https:\/\/www.facebook.com\/profile.php?id=61567324082426&amp;locale=es_ES\" \/>\n<meta property=\"article:modified_time\" content=\"2025-03-24T08:28:19+00:00\" \/>\n<meta property=\"og:image\" content=\"https:\/\/kursaalmelilla.com\/wp-content\/uploads\/2024\/11\/K-RESPLANDOR-EXTERIOR.png\" \/>\n\t<meta property=\"og:image:width\" content=\"2678\" \/>\n\t<meta property=\"og:image:height\" content=\"3375\" \/>\n\t<meta property=\"og:image:type\" content=\"image\/png\" \/>\n<meta name=\"twitter:card\" content=\"summary_large_image\" \/>\n<meta name=\"twitter:label1\" content=\"Tiempo de lectura\" \/>\n\t<meta name=\"twitter:data1\" content=\"1 minuto\" \/>\n<script type=\"application\/ld+json\" class=\"yoast-schema-graph\">{\"@context\":\"https:\/\/schema.org\",\"@graph\":[{\"@type\":\"WebPage\",\"@id\":\"https:\/\/kursaalmelilla.com\/index.php\/menu-del-dia\/\",\"url\":\"https:\/\/kursaalmelilla.com\/index.php\/menu-del-dia\/\",\"name\":\"men\u00fa del d\u00eda - Kursaal Lounge Caf\u00e9-Bar\",\"isPartOf\":{\"@id\":\"https:\/\/kursaalmelilla.com\/#website\"},\"datePublished\":\"2024-11-11T13:46:14+00:00\",\"dateModified\":\"2025-03-24T08:28:19+00:00\",\"breadcrumb\":{\"@id\":\"https:\/\/kursaalmelilla.com\/index.php\/menu-del-dia\/#breadcrumb\"},\"inLanguage\":\"es\",\"potentialAction\":[{\"@type\":\"ReadAction\",\"target\":[\"https:\/\/kursaalmelilla.com\/index.php\/menu-del-dia\/\"]}]},{\"@type\":\"BreadcrumbList\",\"@id\":\"https:\/\/kursaalmelilla.com\/index.php\/menu-del-dia\/#breadcrumb\",\"itemListElement\":[{\"@type\":\"ListItem\",\"position\":1,\"name\":\"Portada\",\"item\":\"https:\/\/kursaalmelilla.com\/\"},{\"@type\":\"ListItem\",\"position\":2,\"name\":\"men\u00fa del d\u00eda\"}]},{\"@type\":\"WebSite\",\"@id\":\"https:\/\/kursaalmelilla.com\/#website\",\"url\":\"https:\/\/kursaalmelilla.com\/\",\"name\":\"Kursaal Lounge Caf\u00e9-Bar\",\"description\":\"Kursaal Melilla\",\"publisher\":{\"@id\":\"https:\/\/kursaalmelilla.com\/#organization\"},\"alternateName\":\"Kursaal Melilla\",\"potentialAction\":[{\"@type\":\"SearchAction\",\"target\":{\"@type\":\"EntryPoint\",\"urlTemplate\":\"https:\/\/kursaalmelilla.com\/?s={search_term_string}\"},\"query-input\":{\"@type\":\"PropertyValueSpecification\",\"valueRequired\":true,\"valueName\":\"search_term_string\"}}],\"inLanguage\":\"es\"},{\"@type\":\"Organization\",\"@id\":\"https:\/\/kursaalmelilla.com\/#organization\",\"name\":\"Kursaal Lounge Caf\u00e9-Bar\",\"alternateName\":\"Carai Melilla SL\",\"url\":\"https:\/\/kursaalmelilla.com\/\",\"logo\":{\"@type\":\"ImageObject\",\"inLanguage\":\"es\",\"@id\":\"https:\/\/kursaalmelilla.com\/#\/schema\/logo\/image\/\",\"url\":\"https:\/\/kursaalmelilla.com\/wp-content\/uploads\/2024\/11\/K-RESPLANDOR-EXTERIOR.png\",\"contentUrl\":\"https:\/\/kursaalmelilla.com\/wp-content\/uploads\/2024\/11\/K-RESPLANDOR-EXTERIOR.png\",\"width\":2678,\"height\":3375,\"caption\":\"Kursaal Lounge Caf\u00e9-Bar\"},\"image\":{\"@id\":\"https:\/\/kursaalmelilla.com\/#\/schema\/logo\/image\/\"},\"sameAs\":[\"https:\/\/www.facebook.com\/profile.php?id=61567324082426&locale=es_ES\",\"https:\/\/www.instagram.com\/kursaalmelilla\"]}]}<\/script>\n<!-- \/ Yoast SEO plugin. -->","yoast_head_json":{"title":"men\u00fa del d\u00eda - Kursaal Lounge Caf\u00e9-Bar","robots":{"index":"index","follow":"follow","max-snippet":"max-snippet:-1","max-image-preview":"max-image-preview:large","max-video-preview":"max-video-preview:-1"},"canonical":"https:\/\/kursaalmelilla.com\/index.php\/menu-del-dia\/","og_locale":"es_ES","og_type":"article","og_title":"men\u00fa del d\u00eda - Kursaal Lounge Caf\u00e9-Bar","og_url":"https:\/\/kursaalmelilla.com\/index.php\/menu-del-dia\/","og_site_name":"Kursaal Lounge Caf\u00e9-Bar","article_publisher":"https:\/\/www.facebook.com\/profile.php?id=61567324082426&locale=es_ES","article_modified_time":"2025-03-24T08:28:19+00:00","og_image":[{"width":2678,"height":3375,"url":"https:\/\/kursaalmelilla.com\/wp-content\/uploads\/2024\/11\/K-RESPLANDOR-EXTERIOR.png","type":"image\/png"}],"twitter_card":"summary_large_image","twitter_misc":{"Tiempo de lectura":"1 minuto"},"schema":{"@context":"https:\/\/schema.org","@graph":[{"@type":"WebPage","@id":"https:\/\/kursaalmelilla.com\/index.php\/menu-del-dia\/","url":"https:\/\/kursaalmelilla.com\/index.php\/menu-del-dia\/","name":"men\u00fa del d\u00eda - Kursaal Lounge Caf\u00e9-Bar","isPartOf":{"@id":"https:\/\/kursaalmelilla.com\/#website"},"datePublished":"2024-11-11T13:46:14+00:00","dateModified":"2025-03-24T08:28:19+00:00","breadcrumb":{"@id":"https:\/\/kursaalmelilla.com\/index.php\/menu-del-dia\/#breadcrumb"},"inLanguage":"es","potentialAction":[{"@type":"ReadAction","target":["https:\/\/kursaalmelilla.com\/index.php\/menu-del-dia\/"]}]},{"@type":"BreadcrumbList","@id":"https:\/\/kursaalmelilla.com\/index.php\/menu-del-dia\/#breadcrumb","itemListElement":[{"@type":"ListItem","position":1,"name":"Portada","item":"https:\/\/kursaalmelilla.com\/"},{"@type":"ListItem","position":2,"name":"men\u00fa del d\u00eda"}]},{"@type":"WebSite","@id":"https:\/\/kursaalmelilla.com\/#website","url":"https:\/\/kursaalmelilla.com\/","name":"Kursaal Lounge Caf\u00e9-Bar","description":"Kursaal Melilla","publisher":{"@id":"https:\/\/kursaalmelilla.com\/#organization"},"alternateName":"Kursaal Melilla","potentialAction":[{"@type":"SearchAction","target":{"@type":"EntryPoint","urlTemplate":"https:\/\/kursaalmelilla.com\/?s={search_term_string}"},"query-input":{"@type":"PropertyValueSpecification","valueRequired":true,"valueName":"search_term_string"}}],"inLanguage":"es"},{"@type":"Organization","@id":"https:\/\/kursaalmelilla.com\/#organization","name":"Kursaal Lounge Caf\u00e9-Bar","alternateName":"Carai Melilla SL","url":"https:\/\/kursaalmelilla.com\/","logo":{"@type":"ImageObject","inLanguage":"es","@id":"https:\/\/kursaalmelilla.com\/#\/schema\/logo\/image\/","url":"https:\/\/kursaalmelilla.com\/wp-content\/uploads\/2024\/11\/K-RESPLANDOR-EXTERIOR.png","contentUrl":"https:\/\/kursaalmelilla.com\/wp-content\/uploads\/2024\/11\/K-RESPLANDOR-EXTERIOR.png","width":2678,"height":3375,"caption":"Kursaal Lounge Caf\u00e9-Bar"},"image":{"@id":"https:\/\/kursaalmelilla.com\/#\/schema\/logo\/image\/"},"sameAs":["https:\/\/www.facebook.com\/profile.php?id=61567324082426&locale=es_ES","https:\/\/www.instagram.com\/kursaalmelilla"]}]}},"_links":{"self":[{"href":"https:\/\/kursaalmelilla.com\/index.php\/wp-json\/wp\/v2\/pages\/191","targetHints":{"allow":["GET"]}}],"collection":[{"href":"https:\/\/kursaalmelilla.com\/index.php\/wp-json\/wp\/v2\/pages"}],"about":[{"href":"https:\/\/kursaalmelilla.com\/index.php\/wp-json\/wp\/v2\/types\/page"}],"author":[{"embeddable":true,"href":"https:\/\/kursaalmelilla.com\/index.php\/wp-json\/wp\/v2\/users\/1"}],"replies":[{"embeddable":true,"href":"https:\/\/kursaalmelilla.com\/index.php\/wp-json\/wp\/v2\/comments?post=191"}],"version-history":[{"count":7,"href":"https:\/\/kursaalmelilla.com\/index.php\/wp-json\/wp\/v2\/pages\/191\/revisions"}],"predecessor-version":[{"id":274,"href":"https:\/\/kursaalmelilla.com\/index.php\/wp-json\/wp\/v2\/pages\/191\/revisions\/274"}],"wp:attachment":[{"href":"https:\/\/kursaalmelilla.com\/index.php\/wp-json\/wp\/v2\/media?parent=191"}],"curies":[{"name":"wp","href":"https:\/\/api.w.org\/{rel}","templated":true}]}}