{"id":166,"date":"2024-11-04T13:53:07","date_gmt":"2024-11-04T12:53:07","guid":{"rendered":"https:\/\/kursaalmelilla.com\/?page_id=166"},"modified":"2024-11-04T13:53:31","modified_gmt":"2024-11-04T12:53:31","slug":"ley-organica-y-proteccion-de-datos","status":"publish","type":"page","link":"https:\/\/kursaalmelilla.com\/index.php\/ley-organica-y-proteccion-de-datos\/","title":{"rendered":"Ley org\u00e1nica y protecci\u00f3n de datos"},"content":{"rendered":"<p>[et_pb_section fb_built=\u00bb1&#8243; theme_builder_area=\u00bbpost_content\u00bb _builder_version=\u00bb4.27.2&#8243; _module_preset=\u00bbdefault\u00bb][et_pb_row _builder_version=\u00bb4.27.2&#8243; _module_preset=\u00bbdefault\u00bb theme_builder_area=\u00bbpost_content\u00bb][et_pb_column _builder_version=\u00bb4.27.2&#8243; _module_preset=\u00bbdefault\u00bb type=\u00bb4_4&#8243; theme_builder_area=\u00bbpost_content\u00bb][et_pb_text _builder_version=\u00bb4.27.2&#8243; _module_preset=\u00bbdefault\u00bb theme_builder_area=\u00bbpost_content\u00bb hover_enabled=\u00bb0&#8243; sticky_enabled=\u00bb0&#8243;]<\/p>\n<p>1.- Informaci\u00f3n al usuario de la existencia de fichero y solicitud del consentimiento para el tratamiento automatizado de los datos: En relaci\u00f3n con los datos de car\u00e1cter personal facilitados por el cliente en los formularios que puedan existir en el sitio Web, www.kursaalmelilla.com cumple estrictamente la normativa vigente establecida en la Ley 15\/1999 de Protecci\u00f3n de datos de car\u00e1cter personal y dem\u00e1s legislaci\u00f3n que la desarrolla e informa al cliente que los referidos datos ser\u00e1n incluidos dentro de un fichero para su tratamiento automatizado prestando el cliente consentimiento mediante la aceptaci\u00f3n de estas condiciones generales a dicho tratamiento, el responsable de dichos ficheros ante la Agencia de Protecci\u00f3n de Datos es Carai Melilla S.L., puede ejercer su derecho de acceso, rectificaci\u00f3n, cancelaci\u00f3n, oposici\u00f3n, de los datos de car\u00e1cter personal a Carai Melilla S.L.<\/p>\n<p>2.- Finalidad de los datos:<\/p>\n<p>1.- Informaci\u00f3n al usuario de la existencia de fichero y solicitud del consentimiento para el tratamiento automatizado de los datos: En relaci\u00f3n con los datos de car\u00e1cter personal facilitados por el cliente en los formularios que puedan existir en el sitio Web, www.kursaalmelilla.com cumple estrictamente la normativa vigente establecida en la Ley 15\/1999 de Protecci\u00f3n de datos de car\u00e1cter personal y dem\u00e1s legislaci\u00f3n que la desarrolla e informa al cliente que los referidos datos ser\u00e1n incluidos dentro de un fichero para su tratamiento automatizado prestando el cliente consentimiento mediante la aceptaci\u00f3n de estas condiciones generales a dicho tratamiento, el responsable de dichos ficheros ante la Agencia de Protecci\u00f3n de Datos es Carai Melilla S.L., puede ejercer su derecho de acceso, rectificaci\u00f3n, cancelaci\u00f3n, oposici\u00f3n, de los datos de car\u00e1cter personal a Carai Melilla S.L.<\/p>\n<p>2.- Finalidad de los datos: www.kursaalmelilla.com recoge determinados datos personales que son introducidos por el cliente libremente en los formularios de consultas y en el formulario para formalizar la compraventa de los productos. Carai Melilla S.L. informa que gestionar\u00e1 automatizadamente estos datos con la finalidad de mantenimiento de la relaci\u00f3n precontractual\/contractual con el cliente as\u00ed como para tramitar sus solicitudes de informaci\u00f3n, queja o reclamaci\u00f3n.<\/p>\n<p>Asimismo nos autoriza para que sus datos puedan ser utilizados para enviarle informaci\u00f3n mediante correo electr\u00f3nico sobre productos, servicios, ofertas y novedades de las actividades realizadas por Carai Melilla S.L., tanto durante la vigencia de prestaci\u00f3n del servicio o contrato, como una vez finalizada la misma, aplicando estad\u00edsticas y perfiles sobre sus datos. Si usted se registra como usuario o solicita informaci\u00f3n, entendemos que nos presta su consentimiento expreso para el env\u00edo de informaci\u00f3n mediante correo electr\u00f3nico sobre productos, servicios, ofertas y novedades de las actividades realizadas por Carai Melilla S.L.<\/p>\n<p>3.- Obligatoriedad de la introducci\u00f3n de los datos: Los campos en los que figure la palabra \u00abobligatoria\u201d o marcada con asterisco en los formularios existentes, son aquellos que requieren una respuesta obligatoria y de no ser cubiertos la consecuencia ser\u00eda imposibilidad de remitir la consulta o de realizar el pedido concreto.<\/p>\n<p>4.- Derechos de acceso, rectificaci\u00f3n, cancelaci\u00f3n y oposici\u00f3n: El cliente que introduzca sus datos personales en los formularios tendr\u00e1 pleno derecho a ejercitar sus derechos de acceso, rectificaci\u00f3n, cancelaci\u00f3n y oposici\u00f3n en cualquier momento solicit\u00e1ndolo a info@kursaalmelilla.com. Todos sus comentarios y sugerencias son sumamente valiosos para nosotros con el fin de mejorar nuestro servicio.<\/p>\n<p>5.- Seguridad: Carai Melilla S.L.\u00a0se comprometen a dar cumplimiento a su obligaci\u00f3n de guardar sus datos y a adoptar todas las medidas de seguridad que est\u00e9n a su alcance, teniendo en cuenta el estado actual de la tecnolog\u00eda, con el objeto de evitar la alteraci\u00f3n, p\u00e9rdida, tratamiento o acceso no autorizado a los datos de car\u00e1cter personal, tal y como establece el Reglamento 1720\/2007, de 21 de Diciembre, de desarrollo de la Ley Org\u00e1nica de Protecci\u00f3n de Datos.<\/p>\n<p>6.-Veracidad de los datos: El cliente es responsable de la veracidad de sus datos, comprometi\u00e9ndose a no introducir datos falsos y a proceder a la modificaci\u00f3n de los mismos si fuera necesario.<\/p>\n<p>7.-Datos facilitados por terceros: En el supuesto de que en los formularios u observaciones se incluyeran datos de car\u00e1cter personal por personas no titulares de los mismos, el cliente deber\u00e1, con car\u00e1cter previo a su inclusi\u00f3n, informar a dichas personas de los extremos contenidos en los p\u00e1rrafos anteriores.<\/p>\n<p>8.-En el transcurso de tus visitas en nuestras p\u00e1ginas,\u00a0Carai Melilla S.L.\u00a0podr\u00e1n utilizar cookies, peque\u00f1os archivos de datos que se almacenan en el sistema del usuario, que permitan personalizar y facilitar la navegaci\u00f3n del usuario por la p\u00e1gina web, y que se asocian a un usuario an\u00f3nimo sin que puedan deducirse datos personales del mismo. Estas cookies no contienen informaci\u00f3n confidencial que te conciernan.<\/p>\n<p>Puedes desactivar las cookies en los par\u00e1metros de tu navegador. Esta desactivaci\u00f3n de cookies no impide el acceso del Usuario a los contenidos de la p\u00e1gina web.<\/p>\n<p>recoge determinados datos personales que son introducidos por el cliente libremente en los formularios de consultas y en el formulario para formalizar la compraventa de los productos. Carai Melilla S.L. informa que gestionar\u00e1 automatizadamente estos datos con la finalidad de mantenimiento de la relaci\u00f3n precontractual\/contractual con el cliente as\u00ed como para tramitar sus solicitudes de informaci\u00f3n, queja o reclamaci\u00f3n.<\/p>\n<p>Asimismo nos autoriza para que sus datos puedan ser utilizados para enviarle informaci\u00f3n mediante correo electr\u00f3nico sobre productos, servicios, ofertas y novedades de las actividades realizadas por Carai Melilla S.L., tanto durante la vigencia de prestaci\u00f3n del servicio o contrato, como una vez finalizada la misma, aplicando estad\u00edsticas y perfiles sobre sus datos. Si usted se registra como usuario o solicita informaci\u00f3n, entendemos que nos presta su consentimiento expreso para el env\u00edo de informaci\u00f3n mediante correo electr\u00f3nico sobre productos, servicios, ofertas y novedades de las actividades realizadas por Carai Melilla S.L.<\/p>\n<p>3.- Obligatoriedad de la introducci\u00f3n de los datos: Los campos en los que figure la palabra \u00abobligatoria\u201d o marcada con asterisco en los formularios existentes, son aquellos que requieren una respuesta obligatoria y de no ser cubiertos la consecuencia ser\u00eda imposibilidad de remitir la consulta o de realizar el pedido concreto.<\/p>\n<p>4.- Derechos de acceso, rectificaci\u00f3n, cancelaci\u00f3n y oposici\u00f3n: El cliente que introduzca sus datos personales en los formularios tendr\u00e1 pleno derecho a ejercitar sus derechos de acceso, rectificaci\u00f3n, cancelaci\u00f3n y oposici\u00f3n en cualquier momento solicit\u00e1ndolo a info@kursaalmelilla.com. Todos sus comentarios y sugerencias son sumamente valiosos para nosotros con el fin de mejorar nuestro servicio.<\/p>\n<p>5.- Seguridad: Carai Melilla S.L.\u00a0se comprometen a dar cumplimiento a su obligaci\u00f3n de guardar sus datos y a adoptar todas las medidas de seguridad que est\u00e9n a su alcance, teniendo en cuenta el estado actual de la tecnolog\u00eda, con el objeto de evitar la alteraci\u00f3n, p\u00e9rdida, tratamiento o acceso no autorizado a los datos de car\u00e1cter personal, tal y como establece el Reglamento 1720\/2007, de 21 de Diciembre, de desarrollo de la Ley Org\u00e1nica de Protecci\u00f3n de Datos.<\/p>\n<p>6.-Veracidad de los datos: El cliente es responsable de la veracidad de sus datos, comprometi\u00e9ndose a no introducir datos falsos y a proceder a la modificaci\u00f3n de los mismos si fuera necesario.<\/p>\n<p>7.-Datos facilitados por terceros: En el supuesto de que en los formularios u observaciones se incluyeran datos de car\u00e1cter personal por personas no titulares de los mismos, el cliente deber\u00e1, con car\u00e1cter previo a su inclusi\u00f3n, informar a dichas personas de los extremos contenidos en los p\u00e1rrafos anteriores.<\/p>\n<p>8.-En el transcurso de tus visitas en nuestras p\u00e1ginas,\u00a0Carai Melilla S.L.\u00a0podr\u00e1n utilizar cookies, peque\u00f1os archivos de datos que se almacenan en el sistema del usuario, que permitan personalizar y facilitar la navegaci\u00f3n del usuario por la p\u00e1gina web, y que se asocian a un usuario an\u00f3nimo sin que puedan deducirse datos personales del mismo. Estas cookies no contienen informaci\u00f3n confidencial que te conciernan.<\/p>\n<p>Puedes desactivar las cookies en los par\u00e1metros de tu navegador. Esta desactivaci\u00f3n de cookies no impide el acceso del Usuario a los contenidos de la p\u00e1gina web.<\/p>\n<p>[\/et_pb_text][\/et_pb_column][\/et_pb_row][\/et_pb_section]<\/p>\n","protected":false},"excerpt":{"rendered":"<p>1.- Informaci\u00f3n al usuario de la existencia de fichero y solicitud del consentimiento para el tratamiento automatizado de los datos: En relaci\u00f3n con los datos de car\u00e1cter personal facilitados por el cliente en los formularios que puedan existir en el sitio Web, www.kursaalmelilla.com cumple estrictamente la normativa vigente establecida en la Ley 15\/1999 de Protecci\u00f3n [&hellip;]<\/p>\n","protected":false},"author":1,"featured_media":0,"parent":0,"menu_order":0,"comment_status":"closed","ping_status":"closed","template":"","meta":{"_et_pb_use_builder":"on","_et_pb_old_content":"","_et_gb_content_width":"","footnotes":""},"class_list":["post-166","page","type-page","status-publish","hentry"],"yoast_head":"<!-- This site is optimized with the Yoast SEO plugin v27.2 - https:\/\/yoast.com\/product\/yoast-seo-wordpress\/ -->\n<title>Ley org\u00e1nica y protecci\u00f3n de datos - Kursaal Lounge Caf\u00e9-Bar<\/title>\n<meta name=\"robots\" content=\"index, follow, max-snippet:-1, max-image-preview:large, max-video-preview:-1\" \/>\n<link rel=\"canonical\" href=\"https:\/\/kursaalmelilla.com\/index.php\/ley-organica-y-proteccion-de-datos\/\" \/>\n<meta property=\"og:locale\" content=\"es_ES\" \/>\n<meta property=\"og:type\" content=\"article\" \/>\n<meta property=\"og:title\" content=\"Ley org\u00e1nica y protecci\u00f3n de datos - Kursaal Lounge Caf\u00e9-Bar\" \/>\n<meta property=\"og:description\" content=\"1.- Informaci\u00f3n al usuario de la existencia de fichero y solicitud del consentimiento para el tratamiento automatizado de los datos: En relaci\u00f3n con los datos de car\u00e1cter personal facilitados por el cliente en los formularios que puedan existir en el sitio Web, www.kursaalmelilla.com cumple estrictamente la normativa vigente establecida en la Ley 15\/1999 de Protecci\u00f3n [&hellip;]\" \/>\n<meta property=\"og:url\" content=\"https:\/\/kursaalmelilla.com\/index.php\/ley-organica-y-proteccion-de-datos\/\" \/>\n<meta property=\"og:site_name\" content=\"Kursaal Lounge Caf\u00e9-Bar\" \/>\n<meta property=\"article:publisher\" content=\"https:\/\/www.facebook.com\/profile.php?id=61567324082426&amp;locale=es_ES\" \/>\n<meta property=\"article:modified_time\" content=\"2024-11-04T12:53:31+00:00\" \/>\n<meta property=\"og:image\" content=\"https:\/\/kursaalmelilla.com\/wp-content\/uploads\/2024\/11\/K-RESPLANDOR-EXTERIOR.png\" \/>\n\t<meta property=\"og:image:width\" content=\"2678\" \/>\n\t<meta property=\"og:image:height\" content=\"3375\" \/>\n\t<meta property=\"og:image:type\" content=\"image\/png\" \/>\n<meta name=\"twitter:card\" content=\"summary_large_image\" \/>\n<script type=\"application\/ld+json\" class=\"yoast-schema-graph\">{\"@context\":\"https:\/\/schema.org\",\"@graph\":[{\"@type\":\"WebPage\",\"@id\":\"https:\/\/kursaalmelilla.com\/index.php\/ley-organica-y-proteccion-de-datos\/\",\"url\":\"https:\/\/kursaalmelilla.com\/index.php\/ley-organica-y-proteccion-de-datos\/\",\"name\":\"Ley org\u00e1nica y protecci\u00f3n de datos - Kursaal Lounge Caf\u00e9-Bar\",\"isPartOf\":{\"@id\":\"https:\/\/kursaalmelilla.com\/#website\"},\"datePublished\":\"2024-11-04T12:53:07+00:00\",\"dateModified\":\"2024-11-04T12:53:31+00:00\",\"breadcrumb\":{\"@id\":\"https:\/\/kursaalmelilla.com\/index.php\/ley-organica-y-proteccion-de-datos\/#breadcrumb\"},\"inLanguage\":\"es\",\"potentialAction\":[{\"@type\":\"ReadAction\",\"target\":[\"https:\/\/kursaalmelilla.com\/index.php\/ley-organica-y-proteccion-de-datos\/\"]}]},{\"@type\":\"BreadcrumbList\",\"@id\":\"https:\/\/kursaalmelilla.com\/index.php\/ley-organica-y-proteccion-de-datos\/#breadcrumb\",\"itemListElement\":[{\"@type\":\"ListItem\",\"position\":1,\"name\":\"Portada\",\"item\":\"https:\/\/kursaalmelilla.com\/\"},{\"@type\":\"ListItem\",\"position\":2,\"name\":\"Ley org\u00e1nica y protecci\u00f3n de datos\"}]},{\"@type\":\"WebSite\",\"@id\":\"https:\/\/kursaalmelilla.com\/#website\",\"url\":\"https:\/\/kursaalmelilla.com\/\",\"name\":\"Kursaal Lounge Caf\u00e9-Bar\",\"description\":\"Kursaal Melilla\",\"publisher\":{\"@id\":\"https:\/\/kursaalmelilla.com\/#organization\"},\"alternateName\":\"Kursaal Melilla\",\"potentialAction\":[{\"@type\":\"SearchAction\",\"target\":{\"@type\":\"EntryPoint\",\"urlTemplate\":\"https:\/\/kursaalmelilla.com\/?s={search_term_string}\"},\"query-input\":{\"@type\":\"PropertyValueSpecification\",\"valueRequired\":true,\"valueName\":\"search_term_string\"}}],\"inLanguage\":\"es\"},{\"@type\":\"Organization\",\"@id\":\"https:\/\/kursaalmelilla.com\/#organization\",\"name\":\"Kursaal Lounge Caf\u00e9-Bar\",\"alternateName\":\"Carai Melilla SL\",\"url\":\"https:\/\/kursaalmelilla.com\/\",\"logo\":{\"@type\":\"ImageObject\",\"inLanguage\":\"es\",\"@id\":\"https:\/\/kursaalmelilla.com\/#\/schema\/logo\/image\/\",\"url\":\"https:\/\/kursaalmelilla.com\/wp-content\/uploads\/2024\/11\/K-RESPLANDOR-EXTERIOR.png\",\"contentUrl\":\"https:\/\/kursaalmelilla.com\/wp-content\/uploads\/2024\/11\/K-RESPLANDOR-EXTERIOR.png\",\"width\":2678,\"height\":3375,\"caption\":\"Kursaal Lounge Caf\u00e9-Bar\"},\"image\":{\"@id\":\"https:\/\/kursaalmelilla.com\/#\/schema\/logo\/image\/\"},\"sameAs\":[\"https:\/\/www.facebook.com\/profile.php?id=61567324082426&locale=es_ES\",\"https:\/\/www.instagram.com\/kursaalmelilla\"]}]}<\/script>\n<!-- \/ Yoast SEO plugin. -->","yoast_head_json":{"title":"Ley org\u00e1nica y protecci\u00f3n de datos - Kursaal Lounge Caf\u00e9-Bar","robots":{"index":"index","follow":"follow","max-snippet":"max-snippet:-1","max-image-preview":"max-image-preview:large","max-video-preview":"max-video-preview:-1"},"canonical":"https:\/\/kursaalmelilla.com\/index.php\/ley-organica-y-proteccion-de-datos\/","og_locale":"es_ES","og_type":"article","og_title":"Ley org\u00e1nica y protecci\u00f3n de datos - Kursaal Lounge Caf\u00e9-Bar","og_description":"1.- Informaci\u00f3n al usuario de la existencia de fichero y solicitud del consentimiento para el tratamiento automatizado de los datos: En relaci\u00f3n con los datos de car\u00e1cter personal facilitados por el cliente en los formularios que puedan existir en el sitio Web, www.kursaalmelilla.com cumple estrictamente la normativa vigente establecida en la Ley 15\/1999 de Protecci\u00f3n [&hellip;]","og_url":"https:\/\/kursaalmelilla.com\/index.php\/ley-organica-y-proteccion-de-datos\/","og_site_name":"Kursaal Lounge Caf\u00e9-Bar","article_publisher":"https:\/\/www.facebook.com\/profile.php?id=61567324082426&locale=es_ES","article_modified_time":"2024-11-04T12:53:31+00:00","og_image":[{"width":2678,"height":3375,"url":"https:\/\/kursaalmelilla.com\/wp-content\/uploads\/2024\/11\/K-RESPLANDOR-EXTERIOR.png","type":"image\/png"}],"twitter_card":"summary_large_image","schema":{"@context":"https:\/\/schema.org","@graph":[{"@type":"WebPage","@id":"https:\/\/kursaalmelilla.com\/index.php\/ley-organica-y-proteccion-de-datos\/","url":"https:\/\/kursaalmelilla.com\/index.php\/ley-organica-y-proteccion-de-datos\/","name":"Ley org\u00e1nica y protecci\u00f3n de datos - Kursaal Lounge Caf\u00e9-Bar","isPartOf":{"@id":"https:\/\/kursaalmelilla.com\/#website"},"datePublished":"2024-11-04T12:53:07+00:00","dateModified":"2024-11-04T12:53:31+00:00","breadcrumb":{"@id":"https:\/\/kursaalmelilla.com\/index.php\/ley-organica-y-proteccion-de-datos\/#breadcrumb"},"inLanguage":"es","potentialAction":[{"@type":"ReadAction","target":["https:\/\/kursaalmelilla.com\/index.php\/ley-organica-y-proteccion-de-datos\/"]}]},{"@type":"BreadcrumbList","@id":"https:\/\/kursaalmelilla.com\/index.php\/ley-organica-y-proteccion-de-datos\/#breadcrumb","itemListElement":[{"@type":"ListItem","position":1,"name":"Portada","item":"https:\/\/kursaalmelilla.com\/"},{"@type":"ListItem","position":2,"name":"Ley org\u00e1nica y protecci\u00f3n de datos"}]},{"@type":"WebSite","@id":"https:\/\/kursaalmelilla.com\/#website","url":"https:\/\/kursaalmelilla.com\/","name":"Kursaal Lounge Caf\u00e9-Bar","description":"Kursaal Melilla","publisher":{"@id":"https:\/\/kursaalmelilla.com\/#organization"},"alternateName":"Kursaal Melilla","potentialAction":[{"@type":"SearchAction","target":{"@type":"EntryPoint","urlTemplate":"https:\/\/kursaalmelilla.com\/?s={search_term_string}"},"query-input":{"@type":"PropertyValueSpecification","valueRequired":true,"valueName":"search_term_string"}}],"inLanguage":"es"},{"@type":"Organization","@id":"https:\/\/kursaalmelilla.com\/#organization","name":"Kursaal Lounge Caf\u00e9-Bar","alternateName":"Carai Melilla SL","url":"https:\/\/kursaalmelilla.com\/","logo":{"@type":"ImageObject","inLanguage":"es","@id":"https:\/\/kursaalmelilla.com\/#\/schema\/logo\/image\/","url":"https:\/\/kursaalmelilla.com\/wp-content\/uploads\/2024\/11\/K-RESPLANDOR-EXTERIOR.png","contentUrl":"https:\/\/kursaalmelilla.com\/wp-content\/uploads\/2024\/11\/K-RESPLANDOR-EXTERIOR.png","width":2678,"height":3375,"caption":"Kursaal Lounge Caf\u00e9-Bar"},"image":{"@id":"https:\/\/kursaalmelilla.com\/#\/schema\/logo\/image\/"},"sameAs":["https:\/\/www.facebook.com\/profile.php?id=61567324082426&locale=es_ES","https:\/\/www.instagram.com\/kursaalmelilla"]}]}},"_links":{"self":[{"href":"https:\/\/kursaalmelilla.com\/index.php\/wp-json\/wp\/v2\/pages\/166","targetHints":{"allow":["GET"]}}],"collection":[{"href":"https:\/\/kursaalmelilla.com\/index.php\/wp-json\/wp\/v2\/pages"}],"about":[{"href":"https:\/\/kursaalmelilla.com\/index.php\/wp-json\/wp\/v2\/types\/page"}],"author":[{"embeddable":true,"href":"https:\/\/kursaalmelilla.com\/index.php\/wp-json\/wp\/v2\/users\/1"}],"replies":[{"embeddable":true,"href":"https:\/\/kursaalmelilla.com\/index.php\/wp-json\/wp\/v2\/comments?post=166"}],"version-history":[{"count":2,"href":"https:\/\/kursaalmelilla.com\/index.php\/wp-json\/wp\/v2\/pages\/166\/revisions"}],"predecessor-version":[{"id":169,"href":"https:\/\/kursaalmelilla.com\/index.php\/wp-json\/wp\/v2\/pages\/166\/revisions\/169"}],"wp:attachment":[{"href":"https:\/\/kursaalmelilla.com\/index.php\/wp-json\/wp\/v2\/media?parent=166"}],"curies":[{"name":"wp","href":"https:\/\/api.w.org\/{rel}","templated":true}]}}