{"id":112,"date":"2024-10-19T12:56:54","date_gmt":"2024-10-19T10:56:54","guid":{"rendered":"https:\/\/kursaalmelilla.com\/?page_id=112"},"modified":"2025-11-23T11:52:10","modified_gmt":"2025-11-23T10:52:10","slug":"delivery","status":"publish","type":"page","link":"https:\/\/kursaalmelilla.com\/index.php\/delivery\/","title":{"rendered":"Delivery"},"content":{"rendered":"<p>[et_pb_section fb_built=\u00bb1&#8243; admin_label=\u00bbHero\u00bb _builder_version=\u00bb4.18.0&#8243; _module_preset=\u00bbdefault\u00bb locked=\u00bboff\u00bb collapsed=\u00bbon\u00bb global_colors_info=\u00bb{}\u00bb][et_pb_row _builder_version=\u00bb4.24.2&#8243; _module_preset=\u00bb5138c454-be54-4233-bd3b-f8e6a8747976&#8243; locked=\u00bboff\u00bb global_colors_info=\u00bb{}\u00bb][et_pb_column type=\u00bb4_4&#8243; _builder_version=\u00bb4.23.1&#8243; _module_preset=\u00bb73121f80-a3ef-4484-8763-c3f18e3c56d2&#8243; global_colors_info=\u00bb{}\u00bb][et_pb_heading title=\u00bbPide a domicilio o  para recoger en nuestro local.\u00bb _builder_version=\u00bb4.27.2&#8243; _module_preset=\u00bbf0c675ea-2574-4d0e-b725-30f8550a8550&#8243; title_level=\u00bbh4&#8243; title_font=\u00bbSource Sans Pro|Playfair Display_weight||on|||||\u00bb title_text_align=\u00bbcenter\u00bb title_text_color=\u00bb#fb8500&#8243; title_font_size=\u00bb14px\u00bb title_letter_spacing=\u00bb1px\u00bb title_line_height=\u00bb1.4em\u00bb custom_margin=\u00bb||10px||false|false\u00bb title_font_size_tablet=\u00bb13px\u00bb title_font_size_phone=\u00bb13px\u00bb locked=\u00bboff\u00bb global_colors_info=\u00bb{%22#fb8500%22:%91%22title_text_color%22%93}\u00bb][\/et_pb_heading][et_pb_image src=\u00bbhttps:\/\/images.unsplash.com\/photo-1449247613801-ab06418e2861?ixid=M3w1ODkyNzF8MHwxfHNlYXJjaHwxMHx8Y296eSUyMGNhZiVDMyVBOSUyMGludGVyaW9yfGVufDB8MHx8fDE3MjkzMzQ3OTV8MA&#038;ixlib=rb-4.0.3&#038;fm=webp&#038;fit=crop&#038;crop=entropy&#038;w=1080&#038;h=600&#038;q=20&#038;dpr=2&#8243; title_text=\u00bb1080&#215;600&#8243; align=\u00bbcenter\u00bb _builder_version=\u00bb4.25.2&#8243; _module_preset=\u00bb1cc6152f-565c-4c4d-b0c9-cf8c9576c341&#8243; border_radii=\u00bbon|6px|6px|6px|6px\u00bb box_shadow_style=\u00bbpreset4&#8243; box_shadow_horizontal=\u00bb0px\u00bb box_shadow_vertical=\u00bb24px\u00bb box_shadow_blur=\u00bb72px\u00bb box_shadow_spread=\u00bb-12px\u00bb box_shadow_color=\u00bbrgba(0,0,0,0.12)\u00bb locked=\u00bboff\u00bb global_colors_info=\u00bb{}\u00bb][\/et_pb_image][\/et_pb_column][\/et_pb_row][\/et_pb_section][et_pb_section fb_built=\u00bb1&#8243; admin_label=\u00bbCall to Action\u00bb _builder_version=\u00bb4.27.4&#8243; _module_preset=\u00bbdefault\u00bb background_color=\u00bb#ffc244&#8243; custom_padding=\u00bb10px||10px||true|false\u00bb locked=\u00bboff\u00bb collapsed=\u00bbon\u00bb global_colors_info=\u00bb{%22#fb8500%22:%91%22background_color%22%93}\u00bb][et_pb_row column_structure=\u00bb2_3,1_3&#8243; _builder_version=\u00bb4.24.2&#8243; _module_preset=\u00bb5138c454-be54-4233-bd3b-f8e6a8747976&#8243; global_colors_info=\u00bb{}\u00bb][et_pb_column type=\u00bb2_3&#8243; _builder_version=\u00bb4.18.0&#8243; _module_preset=\u00bb73121f80-a3ef-4484-8763-c3f18e3c56d2&#8243; global_colors_info=\u00bb{}\u00bb][et_pb_blurb title=\u00bbGlovo\u00bb use_icon=\u00bbon\u00bb font_icon=\u00bb&#x49;||divi||400&#8243; icon_color=\u00bb#FFFFFF\u00bb icon_placement=\u00bbleft\u00bb image_icon_width=\u00bb40px\u00bb _builder_version=\u00bb4.27.2&#8243; _module_preset=\u00bbca79a742-981f-479f-a8a2-3a0292efaff0&#8243; header_font=\u00bbPlayfair Display|Playfair Display_weight|||||||\u00bb header_text_color=\u00bb#FFFFFF\u00bb header_font_size=\u00bb18px\u00bb header_line_height=\u00bb1.4em\u00bb body_font=\u00bbSource Sans Pro|Source Sans Pro_weight|||||||\u00bb body_text_color=\u00bb#FFFFFF\u00bb body_line_height=\u00bb1.75em\u00bb body_link_text_color=\u00bb#FFFFFF\u00bb body_link_font_size=\u00bb14px\u00bb background_mask_style=\u00bbchevrons\u00bb header_font_size_tablet=\u00bb15px\u00bb header_font_size_phone=\u00bb\u00bb header_font_size_last_edited=\u00bbon|phone\u00bb border_radii_image=\u00bbon|6px|6px|6px|6px\u00bb global_colors_info=\u00bb{%22gcid-f2943306-fa6c-45f0-b632-5fc00151366a%22:%91%22button_text_color%22%93,%22gcid-36fd78a7-34bc-404d-873c-dafa34efaae5%22:%91%22button_text_color%22%93}\u00bb]<\/p>\n<p>Ordena tus platos favoritos de Kursaal Lounge Caf\u00e9-Bar directamente a trav\u00e9s de Glovo y disfruta de una experiencia culinaria \u00fanica sin salir de casa.<\/p>\n<p>[\/et_pb_blurb][\/et_pb_column][et_pb_column type=\u00bb1_3&#8243; _builder_version=\u00bb4.18.0&#8243; _module_preset=\u00bb73121f80-a3ef-4484-8763-c3f18e3c56d2&#8243; global_colors_info=\u00bb{}\u00bb][et_pb_button button_url=\u00bbhttps:\/\/ufv9.adj.st?adjust_deeplink=glovoapp%3A%2F%2Fopen%3Flink_type%3Dstore%26store_id%3D484216&#038;adjust_t=s321jkn\u00bb url_new_window=\u00bbon\u00bb button_text=\u00bbPide con Glovo\u00bb button_alignment=\u00bbright\u00bb button_alignment_tablet=\u00bbleft\u00bb button_alignment_phone=\u00bbleft\u00bb button_alignment_last_edited=\u00bbon|tablet\u00bb _builder_version=\u00bb4.27.2&#8243; _module_preset=\u00bbab15fb74-61a3-43aa-96b3-41e09aeef654&#8243; button_text_color=\u00bb#00a082&#8243; button_bg_color=\u00bb#FFFFFF\u00bb button_border_radius=\u00bb100px\u00bb button_font=\u00bbSource Sans Pro|700|||||||\u00bb custom_padding=\u00bb12px|24px|12px|24px|true|true\u00bb locked=\u00bboff\u00bb global_colors_info=\u00bb{%22#ffb703%22:%91%22button_text_color%22%93}\u00bb][\/et_pb_button][\/et_pb_column][\/et_pb_row][\/et_pb_section][et_pb_section fb_built=\u00bb1&#8243; admin_label=\u00bbCall to Action\u00bb _builder_version=\u00bb4.27.2&#8243; _module_preset=\u00bbdefault\u00bb background_color=\u00bb#00a082&#8243; custom_padding=\u00bb10px||10px||true|false\u00bb locked=\u00bboff\u00bb collapsed=\u00bbon\u00bb global_colors_info=\u00bb{%22#fb8500%22:%91%22background_color%22%93}\u00bb][et_pb_row column_structure=\u00bb2_3,1_3&#8243; _builder_version=\u00bb4.24.2&#8243; _module_preset=\u00bb5138c454-be54-4233-bd3b-f8e6a8747976&#8243; global_colors_info=\u00bb{}\u00bb][et_pb_column type=\u00bb2_3&#8243; _builder_version=\u00bb4.18.0&#8243; _module_preset=\u00bb73121f80-a3ef-4484-8763-c3f18e3c56d2&#8243; global_colors_info=\u00bb{}\u00bb][et_pb_blurb title=\u00bbUber eats\u00bb use_icon=\u00bbon\u00bb font_icon=\u00bb&#x49;||divi||400&#8243; icon_color=\u00bb#FFFFFF\u00bb icon_placement=\u00bbleft\u00bb image_icon_width=\u00bb40px\u00bb _builder_version=\u00bb4.27.2&#8243; _module_preset=\u00bbca79a742-981f-479f-a8a2-3a0292efaff0&#8243; header_font=\u00bbPlayfair Display|Playfair Display_weight|||||||\u00bb header_text_color=\u00bb#FFFFFF\u00bb header_font_size=\u00bb18px\u00bb header_line_height=\u00bb1.4em\u00bb body_font=\u00bbSource Sans Pro|Source Sans Pro_weight|||||||\u00bb body_text_color=\u00bb#FFFFFF\u00bb body_line_height=\u00bb1.75em\u00bb body_link_text_color=\u00bb#FFFFFF\u00bb body_link_font_size=\u00bb14px\u00bb background_mask_style=\u00bbchevrons\u00bb header_font_size_tablet=\u00bb15px\u00bb header_font_size_phone=\u00bb\u00bb header_font_size_last_edited=\u00bbon|phone\u00bb border_radii_image=\u00bbon|6px|6px|6px|6px\u00bb global_colors_info=\u00bb{%22gcid-f2943306-fa6c-45f0-b632-5fc00151366a%22:%91%22button_text_color%22%93,%22gcid-36fd78a7-34bc-404d-873c-dafa34efaae5%22:%91%22button_text_color%22%93}\u00bb]<\/p>\n<p>Disfruta de nuestras delicias desde la comodidad de tu hogar. Haz tu pedido a trav\u00e9s de Uber Eats y experimenta el sabor de Kursaal Lounge Caf\u00e9-Bar sin salir de casa.<\/p>\n<p>[\/et_pb_blurb][\/et_pb_column][et_pb_column type=\u00bb1_3&#8243; _builder_version=\u00bb4.18.0&#8243; _module_preset=\u00bb73121f80-a3ef-4484-8763-c3f18e3c56d2&#8243; global_colors_info=\u00bb{}\u00bb][et_pb_button button_url=\u00bbhttps:\/\/www.ubereats.com\/store\/kursaal-lounge-cafe-bar\/eXCMM5plWKaBHuTQ2NZd1Q?diningMode=DELIVERY\u00bb button_text=\u00bbPide con Uber Eats\u00bb button_alignment=\u00bbright\u00bb button_alignment_tablet=\u00bbleft\u00bb button_alignment_phone=\u00bbleft\u00bb button_alignment_last_edited=\u00bbon|tablet\u00bb _builder_version=\u00bb4.27.2&#8243; _module_preset=\u00bbab15fb74-61a3-43aa-96b3-41e09aeef654&#8243; button_text_color=\u00bb#00a082&#8243; button_bg_color=\u00bb#FFFFFF\u00bb button_border_radius=\u00bb100px\u00bb button_font=\u00bbSource Sans Pro|700|||||||\u00bb custom_padding=\u00bb12px|24px|12px|24px|true|true\u00bb locked=\u00bboff\u00bb global_colors_info=\u00bb{%22#ffb703%22:%91%22button_text_color%22%93}\u00bb][\/et_pb_button][\/et_pb_column][\/et_pb_row][\/et_pb_section]<\/p>\n","protected":false},"excerpt":{"rendered":"<p>Ordena tus platos favoritos de Kursaal Lounge Caf\u00e9-Bar directamente a trav\u00e9s de Glovo y disfruta de una experiencia culinaria \u00fanica sin salir de casa.Disfruta de nuestras delicias desde la comodidad de tu hogar. Haz tu pedido a trav\u00e9s de Uber Eats y experimenta el sabor de Kursaal Lounge Caf\u00e9-Bar sin salir de casa.<\/p>\n","protected":false},"author":1,"featured_media":0,"parent":0,"menu_order":0,"comment_status":"closed","ping_status":"closed","template":"","meta":{"_et_pb_use_builder":"on","_et_pb_old_content":"","_et_gb_content_width":"","footnotes":""},"class_list":["post-112","page","type-page","status-publish","hentry"],"yoast_head":"<!-- This site is optimized with the Yoast SEO plugin v27.2 - https:\/\/yoast.com\/product\/yoast-seo-wordpress\/ -->\n<title>Delivery - Kursaal Lounge Caf\u00e9-Bar<\/title>\n<meta name=\"robots\" content=\"index, follow, max-snippet:-1, max-image-preview:large, max-video-preview:-1\" \/>\n<link rel=\"canonical\" href=\"https:\/\/kursaalmelilla.com\/index.php\/delivery\/\" \/>\n<meta property=\"og:locale\" content=\"es_ES\" \/>\n<meta property=\"og:type\" content=\"article\" \/>\n<meta property=\"og:title\" content=\"Delivery - Kursaal Lounge Caf\u00e9-Bar\" \/>\n<meta property=\"og:description\" content=\"Ordena tus platos favoritos de Kursaal Lounge Caf\u00e9-Bar directamente a trav\u00e9s de Glovo y disfruta de una experiencia culinaria \u00fanica sin salir de casa.Disfruta de nuestras delicias desde la comodidad de tu hogar. Haz tu pedido a trav\u00e9s de Uber Eats y experimenta el sabor de Kursaal Lounge Caf\u00e9-Bar sin salir de casa.\" \/>\n<meta property=\"og:url\" content=\"https:\/\/kursaalmelilla.com\/index.php\/delivery\/\" \/>\n<meta property=\"og:site_name\" content=\"Kursaal Lounge Caf\u00e9-Bar\" \/>\n<meta property=\"article:publisher\" content=\"https:\/\/www.facebook.com\/profile.php?id=61567324082426&amp;locale=es_ES\" \/>\n<meta property=\"article:modified_time\" content=\"2025-11-23T10:52:10+00:00\" \/>\n<meta property=\"og:image\" content=\"https:\/\/kursaalmelilla.com\/wp-content\/uploads\/2024\/11\/K-RESPLANDOR-EXTERIOR.png\" \/>\n\t<meta property=\"og:image:width\" content=\"2678\" \/>\n\t<meta property=\"og:image:height\" content=\"3375\" \/>\n\t<meta property=\"og:image:type\" content=\"image\/png\" \/>\n<meta name=\"twitter:card\" content=\"summary_large_image\" \/>\n<meta name=\"twitter:label1\" content=\"Tiempo de lectura\" \/>\n\t<meta name=\"twitter:data1\" content=\"5 minutos\" \/>\n<script type=\"application\/ld+json\" class=\"yoast-schema-graph\">{\"@context\":\"https:\/\/schema.org\",\"@graph\":[{\"@type\":\"WebPage\",\"@id\":\"https:\/\/kursaalmelilla.com\/index.php\/delivery\/\",\"url\":\"https:\/\/kursaalmelilla.com\/index.php\/delivery\/\",\"name\":\"Delivery - Kursaal Lounge Caf\u00e9-Bar\",\"isPartOf\":{\"@id\":\"https:\/\/kursaalmelilla.com\/#website\"},\"datePublished\":\"2024-10-19T10:56:54+00:00\",\"dateModified\":\"2025-11-23T10:52:10+00:00\",\"breadcrumb\":{\"@id\":\"https:\/\/kursaalmelilla.com\/index.php\/delivery\/#breadcrumb\"},\"inLanguage\":\"es\",\"potentialAction\":[{\"@type\":\"ReadAction\",\"target\":[\"https:\/\/kursaalmelilla.com\/index.php\/delivery\/\"]}]},{\"@type\":\"BreadcrumbList\",\"@id\":\"https:\/\/kursaalmelilla.com\/index.php\/delivery\/#breadcrumb\",\"itemListElement\":[{\"@type\":\"ListItem\",\"position\":1,\"name\":\"Portada\",\"item\":\"https:\/\/kursaalmelilla.com\/\"},{\"@type\":\"ListItem\",\"position\":2,\"name\":\"Delivery\"}]},{\"@type\":\"WebSite\",\"@id\":\"https:\/\/kursaalmelilla.com\/#website\",\"url\":\"https:\/\/kursaalmelilla.com\/\",\"name\":\"Kursaal Lounge Caf\u00e9-Bar\",\"description\":\"Kursaal Melilla\",\"publisher\":{\"@id\":\"https:\/\/kursaalmelilla.com\/#organization\"},\"alternateName\":\"Kursaal Melilla\",\"potentialAction\":[{\"@type\":\"SearchAction\",\"target\":{\"@type\":\"EntryPoint\",\"urlTemplate\":\"https:\/\/kursaalmelilla.com\/?s={search_term_string}\"},\"query-input\":{\"@type\":\"PropertyValueSpecification\",\"valueRequired\":true,\"valueName\":\"search_term_string\"}}],\"inLanguage\":\"es\"},{\"@type\":\"Organization\",\"@id\":\"https:\/\/kursaalmelilla.com\/#organization\",\"name\":\"Kursaal Lounge Caf\u00e9-Bar\",\"alternateName\":\"Carai Melilla SL\",\"url\":\"https:\/\/kursaalmelilla.com\/\",\"logo\":{\"@type\":\"ImageObject\",\"inLanguage\":\"es\",\"@id\":\"https:\/\/kursaalmelilla.com\/#\/schema\/logo\/image\/\",\"url\":\"https:\/\/kursaalmelilla.com\/wp-content\/uploads\/2024\/11\/K-RESPLANDOR-EXTERIOR.png\",\"contentUrl\":\"https:\/\/kursaalmelilla.com\/wp-content\/uploads\/2024\/11\/K-RESPLANDOR-EXTERIOR.png\",\"width\":2678,\"height\":3375,\"caption\":\"Kursaal Lounge Caf\u00e9-Bar\"},\"image\":{\"@id\":\"https:\/\/kursaalmelilla.com\/#\/schema\/logo\/image\/\"},\"sameAs\":[\"https:\/\/www.facebook.com\/profile.php?id=61567324082426&locale=es_ES\",\"https:\/\/www.instagram.com\/kursaalmelilla\"]}]}<\/script>\n<!-- \/ Yoast SEO plugin. -->","yoast_head_json":{"title":"Delivery - Kursaal Lounge Caf\u00e9-Bar","robots":{"index":"index","follow":"follow","max-snippet":"max-snippet:-1","max-image-preview":"max-image-preview:large","max-video-preview":"max-video-preview:-1"},"canonical":"https:\/\/kursaalmelilla.com\/index.php\/delivery\/","og_locale":"es_ES","og_type":"article","og_title":"Delivery - Kursaal Lounge Caf\u00e9-Bar","og_description":"Ordena tus platos favoritos de Kursaal Lounge Caf\u00e9-Bar directamente a trav\u00e9s de Glovo y disfruta de una experiencia culinaria \u00fanica sin salir de casa.Disfruta de nuestras delicias desde la comodidad de tu hogar. Haz tu pedido a trav\u00e9s de Uber Eats y experimenta el sabor de Kursaal Lounge Caf\u00e9-Bar sin salir de casa.","og_url":"https:\/\/kursaalmelilla.com\/index.php\/delivery\/","og_site_name":"Kursaal Lounge Caf\u00e9-Bar","article_publisher":"https:\/\/www.facebook.com\/profile.php?id=61567324082426&locale=es_ES","article_modified_time":"2025-11-23T10:52:10+00:00","og_image":[{"width":2678,"height":3375,"url":"https:\/\/kursaalmelilla.com\/wp-content\/uploads\/2024\/11\/K-RESPLANDOR-EXTERIOR.png","type":"image\/png"}],"twitter_card":"summary_large_image","twitter_misc":{"Tiempo de lectura":"5 minutos"},"schema":{"@context":"https:\/\/schema.org","@graph":[{"@type":"WebPage","@id":"https:\/\/kursaalmelilla.com\/index.php\/delivery\/","url":"https:\/\/kursaalmelilla.com\/index.php\/delivery\/","name":"Delivery - Kursaal Lounge Caf\u00e9-Bar","isPartOf":{"@id":"https:\/\/kursaalmelilla.com\/#website"},"datePublished":"2024-10-19T10:56:54+00:00","dateModified":"2025-11-23T10:52:10+00:00","breadcrumb":{"@id":"https:\/\/kursaalmelilla.com\/index.php\/delivery\/#breadcrumb"},"inLanguage":"es","potentialAction":[{"@type":"ReadAction","target":["https:\/\/kursaalmelilla.com\/index.php\/delivery\/"]}]},{"@type":"BreadcrumbList","@id":"https:\/\/kursaalmelilla.com\/index.php\/delivery\/#breadcrumb","itemListElement":[{"@type":"ListItem","position":1,"name":"Portada","item":"https:\/\/kursaalmelilla.com\/"},{"@type":"ListItem","position":2,"name":"Delivery"}]},{"@type":"WebSite","@id":"https:\/\/kursaalmelilla.com\/#website","url":"https:\/\/kursaalmelilla.com\/","name":"Kursaal Lounge Caf\u00e9-Bar","description":"Kursaal Melilla","publisher":{"@id":"https:\/\/kursaalmelilla.com\/#organization"},"alternateName":"Kursaal Melilla","potentialAction":[{"@type":"SearchAction","target":{"@type":"EntryPoint","urlTemplate":"https:\/\/kursaalmelilla.com\/?s={search_term_string}"},"query-input":{"@type":"PropertyValueSpecification","valueRequired":true,"valueName":"search_term_string"}}],"inLanguage":"es"},{"@type":"Organization","@id":"https:\/\/kursaalmelilla.com\/#organization","name":"Kursaal Lounge Caf\u00e9-Bar","alternateName":"Carai Melilla SL","url":"https:\/\/kursaalmelilla.com\/","logo":{"@type":"ImageObject","inLanguage":"es","@id":"https:\/\/kursaalmelilla.com\/#\/schema\/logo\/image\/","url":"https:\/\/kursaalmelilla.com\/wp-content\/uploads\/2024\/11\/K-RESPLANDOR-EXTERIOR.png","contentUrl":"https:\/\/kursaalmelilla.com\/wp-content\/uploads\/2024\/11\/K-RESPLANDOR-EXTERIOR.png","width":2678,"height":3375,"caption":"Kursaal Lounge Caf\u00e9-Bar"},"image":{"@id":"https:\/\/kursaalmelilla.com\/#\/schema\/logo\/image\/"},"sameAs":["https:\/\/www.facebook.com\/profile.php?id=61567324082426&locale=es_ES","https:\/\/www.instagram.com\/kursaalmelilla"]}]}},"_links":{"self":[{"href":"https:\/\/kursaalmelilla.com\/index.php\/wp-json\/wp\/v2\/pages\/112","targetHints":{"allow":["GET"]}}],"collection":[{"href":"https:\/\/kursaalmelilla.com\/index.php\/wp-json\/wp\/v2\/pages"}],"about":[{"href":"https:\/\/kursaalmelilla.com\/index.php\/wp-json\/wp\/v2\/types\/page"}],"author":[{"embeddable":true,"href":"https:\/\/kursaalmelilla.com\/index.php\/wp-json\/wp\/v2\/users\/1"}],"replies":[{"embeddable":true,"href":"https:\/\/kursaalmelilla.com\/index.php\/wp-json\/wp\/v2\/comments?post=112"}],"version-history":[{"count":9,"href":"https:\/\/kursaalmelilla.com\/index.php\/wp-json\/wp\/v2\/pages\/112\/revisions"}],"predecessor-version":[{"id":298,"href":"https:\/\/kursaalmelilla.com\/index.php\/wp-json\/wp\/v2\/pages\/112\/revisions\/298"}],"wp:attachment":[{"href":"https:\/\/kursaalmelilla.com\/index.php\/wp-json\/wp\/v2\/media?parent=112"}],"curies":[{"name":"wp","href":"https:\/\/api.w.org\/{rel}","templated":true}]}}